{"id":39,"date":"2018-11-26T15:42:55","date_gmt":"2018-11-26T15:42:55","guid":{"rendered":"http:\/\/granium.sk\/en\/?page_id=39"},"modified":"2024-09-16T17:03:25","modified_gmt":"2024-09-16T17:03:25","slug":"garam-mente","status":"publish","type":"page","link":"https:\/\/granium.sk\/en\/garam-mente\/","title":{"rendered":"Garammente &#8211; the region"},"content":{"rendered":"<p>[et_pb_section fb_built=&#8221;1&#8243; _builder_version=&#8221;4.16&#8243; global_colors_info=&#8221;{}&#8221;][et_pb_row _builder_version=&#8221;4.16&#8243; background_size=&#8221;initial&#8221; background_position=&#8221;top_left&#8221; background_repeat=&#8221;repeat&#8221; global_colors_info=&#8221;{}&#8221;][et_pb_column type=&#8221;4_4&#8243; _builder_version=&#8221;4.16&#8243; custom_padding=&#8221;|||&#8221; global_colors_info=&#8221;{}&#8221; custom_padding__hover=&#8221;|||&#8221;][et_pb_text _builder_version=&#8221;4.27.0&#8243; z_index_tablet=&#8221;500&#8243; global_colors_info=&#8221;{}&#8221;]<\/p>\n<h1 style=\"text-align: center;\"><strong>Garammente &#8211; the region<\/strong><\/h1>\n<p>\u00a0<\/p>\n<p><strong>The Lower Garam (Hron) and Ipoly (Ipel\u2019) regions <\/strong><\/p>\n<p>The best areas for viticulture in the Southern Slovakia can be found on the 200-300-metre-high hills lying between the valleys of the Garam (Hron) and Ipoly (Ipe\u013e) rivers as they flow down into the Danube. Mu\u017ela, P\u00e1rk\u00e1ny (\u0160t\u00farovo) and the surrounding settlements were once part of the Hungarian Neszm\u00e9ly wine region, whereas Garamk\u00f6vesd (Kamenica nad Hronom), Helemba (Chl\u2019aba), i.e. the Burda \u201cmountains\u201d, and Salka belonged to the Pest-N\u00f3gr\u00e1d wine region. Nowadays, these officially belong to the \u0160t\u00farovsk\u00fd, Strekovsk\u00fd and Hurbanovsk\u00fd subdistricts of the Southern Slovak (Ju\u017enoslovensk\u00e1) wine region and the \u017deliezovsk\u00fd subdistrict of the Nitrianska wine region, but their cultural affiliation is better expressed by the name Lower Garam\/Lower Hron. The size of the Southern Slovak wine region is officially 5,345 hectares and the Nitrianska wine region 3,900 hectares, but if we carved out Lower Garammente, we would get a wine region of around 3,500-4,000 hectares, with relatively uniform characteristics and culture. In the course of history, three poles of grape and wine culture have emerged: the church, aristocratic estates and smaller peasant cellars. The cellar villages and cellar rows in Kamen\u00edn, Kamenica nad Hronom and Nov\u00e1 Vieska, consisting of hundreds of press-houses, are a lovely memorial to the latter. The large estates were concentrated around mansion houses; those in Bel\u00e1, R\u00faba\u0148 and \u0160arkan have survived until this day. And, although the Archbishopric of Esztergom no longer has its own estates, many family wineries go about their business in its former tithe cellars. The right bank of the Ipe\u013e is an integral part of the region and every village has its own vineyards, both large and small.<\/p>\n<p>[\/et_pb_text][\/et_pb_column][\/et_pb_row][et_pb_row _builder_version=&#8221;4.16&#8243; background_size=&#8221;initial&#8221; background_position=&#8221;top_left&#8221; background_repeat=&#8221;repeat&#8221; global_colors_info=&#8221;{}&#8221;][et_pb_column type=&#8221;4_4&#8243; _builder_version=&#8221;4.16&#8243; custom_padding=&#8221;|||&#8221; global_colors_info=&#8221;{}&#8221; custom_padding__hover=&#8221;|||&#8221;][et_pb_gallery gallery_ids=&#8221;263,264,260&#8243; posts_number=&#8221;10&#8243; show_title_and_caption=&#8221;off&#8221; show_pagination=&#8221;off&#8221; _builder_version=&#8221;4.16&#8243; z_index_tablet=&#8221;500&#8243; global_colors_info=&#8221;{}&#8221;][\/et_pb_gallery][\/et_pb_column][\/et_pb_row][et_pb_row _builder_version=&#8221;4.16&#8243; background_size=&#8221;initial&#8221; background_position=&#8221;top_left&#8221; background_repeat=&#8221;repeat&#8221; global_colors_info=&#8221;{}&#8221;][et_pb_column type=&#8221;4_4&#8243; _builder_version=&#8221;4.16&#8243; custom_padding=&#8221;|||&#8221; global_colors_info=&#8221;{}&#8221; custom_padding__hover=&#8221;|||&#8221;][et_pb_text _builder_version=&#8221;4.27.0&#8243; z_index_tablet=&#8221;500&#8243; global_colors_info=&#8221;{}&#8221;]<\/p>\n<p><strong>Soil conditions and aspect<\/strong><\/p>\n<p>The vineyards\u2019 most common soils are loess, sedimentary clay and Ramann brown forest soils. The majority of the southwest-west-facing areas from \u017deliezovce to Kamenica nad Hronom on the left bank of the Hron are primarily characterised by brown forest soils. However, from Kamenica nad Hronom to Chl\u2019aba, i.e. to the mouth of the Ipe\u013e, the bedrock is andesite and andesite tufa of volcanic origin, which is mainly covered by loamy loess and, in some places, brown forest soil. This volcanic bedrock extends below the Hron to N\u00e1na and Hegyfarok on the right bank. Andesite debris makes cultivation difficult in some vineyards, but in return, however, it creates warm, almost Mediterranean conditions in the summer. On the right bank of the Hron, to the west of \u0160t\u00farovo, the south-facing, sunny slopes of the hills which begin at Hegyfarok are primarily characterised by loess, loamy loess, sedimentary clay brown forest and loam soils, with some volcanic debris. Around Mu\u017ela, the soils are rather looser loess while in Strekov, the soils are more compacted. High limestone content is also typical to the region, so wineries here can produce aromatic wines with lovely acidity. The bedrock on the right bank of the river Ipe\u013e consists of claystone, sandstone and andesite debris with more compacted soil strata of brown forest soil and loamy loess. The highest point in the area is the 395-metre-high Kov\u00e1\u010dovske Hill near Kamenica nad Hronom while Mu\u017ela\u2019s Nagyhegy is 239 metres high. The vineyards generally lie at a height of 100-250 metres above sea level.<\/p>\n<p><strong>Climate<\/strong><\/p>\n<p>Sunshine hours in the Lower Garammente, and especially in the \u0160t\u00farovo region, are, at 2,200-2,300, the highest in the whole of the Southern Slovak Highlands while the annual average temperature of 10.2 to 10.3\u00b0C also exceeds that of most western and northern Hungarian regions. The annual precipitation is only 520-550 mm, therefore extremely dry. Of course, like other wine regions, much depends on the microclimate here too, thus on the influence of the water surface of the three rivers (Danube, Hron and Ipe\u013e) and their backwaters, the individual valleys, the aspect of the vineyards and their unique characteristics. It says a lot that the Burda nature reserve (near Kamenica nad Hronom) boasts plant and animal species characteristic of sub-Mediterranean climates, such as dwarf Russian almond, feather grass and Pannonian lichen. Winemakers typically cultivate the characteristically south-southwest-facing, very warm, sunny vineyards on the hills along the \u0160t\u00farovo-Mu\u017ela-Strekov axis; the situation is similar on the west bank of the Hron too. The vineyards along the Ipe\u013e are somewhat cooler with eastern orientation. The extremely hot weather in recent years means that the vineyards on the Hron\u2019s left bank are beginning to be more appreciated, especially those facing east-northeast, as these vineyards preserve acidity and fruity aromas better.<\/p>\n<p><strong>Grape varieties<\/strong><\/p>\n<p>The wine region cultivates 70% white and 30% black grape varieties. The range of varieties is relatively uniform, the typical white trio is Olaszrizling (Welschriesling), Z\u00f6ldveltelini (Gr\u00fcner Veltliner) and Peszeki Le\u00e1nyka (Kir\u00e1lyle\u00e1nyka, Feteasca Regala) while the most common black varieties are K\u00e9kfrankos (Blaufrankisch) and St Laurent. In addition, Oport\u00f3 (i.e. Portugieser) is considered a traditional variety in Strekov, as are Pozsonyi Le\u00e1nyka (Le\u00e1nyka, Feteasca Alba) and M\u00e9zes Feh\u00e9r in Mu\u017ela. There are only a few sporadic vines of the latter left, while Kadarka, widely planted before phylloxera, Juhfark, S\u00e1rfeh\u00e9r and Ezerj\u00f3 have already disappeared. Riesling and the Pinot family have been gaining ground in recent years and many new crossings have started to be cultivated (Dev\u00edn, Morva Muskot\u00e1ly, P\u00e1lava, Alibernet, Dunaj, etc). In addition, you will also come across Traminer, Chardonnay, Irsai Oliv\u00e9r and Cabernet Sauvignon.<\/p>\n<p><strong>Wine culture, styles and types of wine<\/strong><\/p>\n<p>The Hungarian wineries in Slovakia (former Upper Hungary) are usually artisanal family estates, partly because of their size. They produce unique, small batch, quality wines and many see the future in organic, natural wines. They consider it important to limit yields and to reduce pest control and the use of additives and other auxiliary products. Many eschew cultured yeasts and are experimenting with longer skin maceration, even for white wines. Barrel ageing plays an important role, so you\u2019ll often come across big, full-bodied, fiery white wines. There are also wonderful light, aromatic whites and ros\u00e9s as well as fruity reds based on lively acidity and elegance. In addition to these small estates, some formerly large estate centres have been renovated (the Bel\u00e1, R\u00faba\u0148 and \u0160arkan mansion houses) and new investors have also appeared in the Lowe Garam\/Hron region. They basically adhere to the reductive international style, using cultured yeast and large-scale production methods, thus showing a different face of the wine region.<br \/>\nThe choice of grape variety is also an important issue, i.e. whether the five \u201cbasic varieties\u201d mentioned above will continue to dominate, or whether this region will also fragment because of trendy varieties and others promising less work in the vineyard. There are many arguments and opinions on this. There are those who want to revert to tradition, but the question is, to which one? Right back to the range of varieties from before phylloxera (end of the 19th century) or those that evolved in the 60s and 70s? There are also those in favour of moving full speed ahead towards international varieties, such as Riesling and Pinot Noir. Or maybe we should aim for a blended origin protection based on the trio of Z\u00f6ldveltelini, Olaszrizling and Le\u00e1nyka and the K\u00e9kfrankos-St Laurent pair?\n<\/p>\n<p>[\/et_pb_text][\/et_pb_column][\/et_pb_row][et_pb_row _builder_version=&#8221;4.16&#8243; background_size=&#8221;initial&#8221; background_position=&#8221;top_left&#8221; background_repeat=&#8221;repeat&#8221; global_colors_info=&#8221;{}&#8221;][et_pb_column type=&#8221;4_4&#8243; _builder_version=&#8221;4.16&#8243; custom_padding=&#8221;|||&#8221; global_colors_info=&#8221;{}&#8221; custom_padding__hover=&#8221;|||&#8221;][et_pb_gallery gallery_ids=&#8221;259,262,261,258&#8243; posts_number=&#8221;10&#8243; show_title_and_caption=&#8221;off&#8221; show_pagination=&#8221;off&#8221; _builder_version=&#8221;4.16&#8243; z_index_tablet=&#8221;500&#8243; global_colors_info=&#8221;{}&#8221;][\/et_pb_gallery][\/et_pb_column][\/et_pb_row][\/et_pb_section]<\/p>\n","protected":false},"excerpt":{"rendered":"<p>Garammente &#8211; the region\u00a0The Lower Garam (Hron) and Ipoly (Ipel\u2019) regions The best areas for viticulture in the Southern Slovakia can be found on the 200-300-metre-high hills lying between the valleys of the Garam (Hron) and Ipoly (Ipe\u013e) rivers as they flow down into the Danube. Mu\u017ela, P\u00e1rk\u00e1ny (\u0160t\u00farovo) and the surrounding settlements were once [&hellip;]<\/p>\n","protected":false},"author":1,"featured_media":0,"parent":0,"menu_order":0,"comment_status":"closed","ping_status":"closed","template":"","meta":{"_et_pb_use_builder":"on","_et_pb_old_content":"","_et_gb_content_width":"","footnotes":""},"class_list":["post-39","page","type-page","status-publish","hentry"],"_links":{"self":[{"href":"https:\/\/granium.sk\/en\/wp-json\/wp\/v2\/pages\/39","targetHints":{"allow":["GET"]}}],"collection":[{"href":"https:\/\/granium.sk\/en\/wp-json\/wp\/v2\/pages"}],"about":[{"href":"https:\/\/granium.sk\/en\/wp-json\/wp\/v2\/types\/page"}],"author":[{"embeddable":true,"href":"https:\/\/granium.sk\/en\/wp-json\/wp\/v2\/users\/1"}],"replies":[{"embeddable":true,"href":"https:\/\/granium.sk\/en\/wp-json\/wp\/v2\/comments?post=39"}],"version-history":[{"count":10,"href":"https:\/\/granium.sk\/en\/wp-json\/wp\/v2\/pages\/39\/revisions"}],"predecessor-version":[{"id":444,"href":"https:\/\/granium.sk\/en\/wp-json\/wp\/v2\/pages\/39\/revisions\/444"}],"wp:attachment":[{"href":"https:\/\/granium.sk\/en\/wp-json\/wp\/v2\/media?parent=39"}],"curies":[{"name":"wp","href":"https:\/\/api.w.org\/{rel}","templated":true}]}}