{"id":43,"date":"2018-11-26T15:45:32","date_gmt":"2018-11-26T15:45:32","guid":{"rendered":"http:\/\/granium.sk\/en\/?page_id=43"},"modified":"2025-02-17T09:02:38","modified_gmt":"2025-02-17T09:02:38","slug":"winetourism","status":"publish","type":"page","link":"https:\/\/granium.sk\/en\/winetourism\/","title":{"rendered":"Wine tourism"},"content":{"rendered":"<p>[et_pb_section fb_built=&#8221;1&#8243; _builder_version=&#8221;4.16&#8243; hover_enabled=&#8221;0&#8243; global_colors_info=&#8221;{}&#8221; sticky_enabled=&#8221;0&#8243;][et_pb_row _builder_version=&#8221;4.16&#8243; background_size=&#8221;initial&#8221; background_position=&#8221;top_left&#8221; background_repeat=&#8221;repeat&#8221; hover_enabled=&#8221;0&#8243; global_colors_info=&#8221;{}&#8221; sticky_enabled=&#8221;0&#8243;][et_pb_column type=&#8221;4_4&#8243; _builder_version=&#8221;4.16&#8243; custom_padding=&#8221;|||&#8221; global_colors_info=&#8221;{}&#8221; custom_padding__hover=&#8221;|||&#8221;][et_pb_text admin_label=&#8221;Sz\u00f6veg&#8221; _builder_version=&#8221;4.27.0&#8243; z_index_tablet=&#8221;500&#8243; global_colors_info=&#8221;{}&#8221;]<\/p>\n<h1 style=\"text-align: center;\"><strong>Borturizmus<\/strong><\/h1>\n<p>\u00a0<\/p>\n<p>We welcome wine lovers all-year-round in our traditional press-house built in 1883 not only with our wines but also with home-made scones, local cheeses, organically-sourced salami, ham and other delicious savoury snacks. We can accomodate groups of up to 24 people during the winter and when our terrace is open in the summer, we can also accomodate larger groups. There is no minimum number, but please book ahead.<br \/>\nThe Burda hiking trail starts near the cellar, along which hikers can discover the beauty of the wonderful nature reserve, while they can take in the impressive sight of three rivers (Danube, Garam\/Hron and Ipoly\/Ipe\u013e) from the R\u00e1k\u00f3czi lookout.<\/p>\n<p>Recommended tasting packages:<\/p>\n<p>Garam wines \u2013 five typical local wines, with scones<\/p>\n<p>Winery portfolio \u2013 ten different wines, with local cold cuts<\/p>\n<p>Our speciality wines \u2013 seven or eight different speciality wines and vintage wines, with savoury snacks<\/p>\n<p>The price of the tastings varies between \u20ac15 and \u20ac25 depending on the wines and savoury snacks as well as the group size.<\/p>\n<p>Tastings can be held primarily in Hungarian, Slovak and English.<\/p>\n<p>[\/et_pb_text][et_pb_gallery gallery_ids=&#8221;222,268,271,272&#8243; _builder_version=&#8221;4.16&#8243; z_index_tablet=&#8221;500&#8243; global_colors_info=&#8221;{}&#8221;][\/et_pb_gallery][\/et_pb_column][\/et_pb_row][\/et_pb_section]<\/p>\n","protected":false},"excerpt":{"rendered":"<p>Borturizmus\u00a0We welcome wine lovers all-year-round in our traditional press-house built in 1883 not only with our wines but also with home-made scones, local cheeses, organically-sourced salami, ham and other delicious savoury snacks. We can accomodate groups of up to 24 people during the winter and when our terrace is open in the summer, we can [&hellip;]<\/p>\n","protected":false},"author":1,"featured_media":0,"parent":0,"menu_order":0,"comment_status":"closed","ping_status":"closed","template":"","meta":{"_et_pb_use_builder":"on","_et_pb_old_content":"","_et_gb_content_width":"","footnotes":""},"class_list":["post-43","page","type-page","status-publish","hentry"],"_links":{"self":[{"href":"https:\/\/granium.sk\/en\/wp-json\/wp\/v2\/pages\/43","targetHints":{"allow":["GET"]}}],"collection":[{"href":"https:\/\/granium.sk\/en\/wp-json\/wp\/v2\/pages"}],"about":[{"href":"https:\/\/granium.sk\/en\/wp-json\/wp\/v2\/types\/page"}],"author":[{"embeddable":true,"href":"https:\/\/granium.sk\/en\/wp-json\/wp\/v2\/users\/1"}],"replies":[{"embeddable":true,"href":"https:\/\/granium.sk\/en\/wp-json\/wp\/v2\/comments?post=43"}],"version-history":[{"count":10,"href":"https:\/\/granium.sk\/en\/wp-json\/wp\/v2\/pages\/43\/revisions"}],"predecessor-version":[{"id":448,"href":"https:\/\/granium.sk\/en\/wp-json\/wp\/v2\/pages\/43\/revisions\/448"}],"wp:attachment":[{"href":"https:\/\/granium.sk\/en\/wp-json\/wp\/v2\/media?parent=43"}],"curies":[{"name":"wp","href":"https:\/\/api.w.org\/{rel}","templated":true}]}}