{"id":37,"date":"2018-11-26T15:41:45","date_gmt":"2018-11-26T15:41:45","guid":{"rendered":"http:\/\/granium.sk\/sk\/?page_id=37"},"modified":"2021-10-22T17:00:08","modified_gmt":"2021-10-22T17:00:08","slug":"vinice","status":"publish","type":"page","link":"https:\/\/granium.sk\/sk\/vinice\/","title":{"rendered":"Vinice"},"content":{"rendered":"<p>[et_pb_section fb_built=&#8220;1&#8243; _builder_version=&#8220;3.22.3&#8243; global_colors_info=&#8220;{}&#8220;][et_pb_row _builder_version=&#8220;3.25&#8243; background_size=&#8220;initial&#8220; background_position=&#8220;top_left&#8220; background_repeat=&#8220;repeat&#8220; global_colors_info=&#8220;{}&#8220;][et_pb_column type=&#8220;4_4&#8243; _builder_version=&#8220;3.25&#8243; custom_padding=&#8220;|||&#8220; global_colors_info=&#8220;{}&#8220; custom_padding__hover=&#8220;|||&#8220;][et_pb_text _builder_version=&#8220;3.27.4&#8243; z_index_tablet=&#8220;500&#8243; global_colors_info=&#8220;{}&#8220;]<\/p>\n<h1 style=\"text-align: center;\"><strong>Vinice<\/strong><\/h1>\n<p>&nbsp;<\/p>\n<p>Pivnica Ge\u00f6ncze\u00f6l v\u00a0s\u00fa\u010dasnosti hospod\u00e1ri na \u00fazem\u00ed s\u00a0rozlohou 2,5 hekt\u00e1ra. V\u00e4\u010d\u0161ina z\u00a0toho s\u00fa star\u00e9 40-60-ro\u010dn\u00e9 vinohrady. Men\u0161ia \u010das\u0165 s\u00fa 10-20-ro\u010dn\u00e9 korene resp. nov\u00e1 v\u00fdsadba. Asi 1 hekt\u00e1r \u010dak\u00e1 na v\u00fdsadbu, pl\u00e1nujeme sem tradi\u010dn\u00e9 odrody.<\/p>\n<p>Korene s\u00fa na stredne vysokom veden\u00ed, \u010das\u0165 z\u00a0nich strih\u00e1me na dve o\u010dk\u00e1 na \u010dap\u00edku (Rizling vla\u0161sk\u00fd, Sv\u00e4tovavrineck\u00e9 a\u00a0\u010das\u0165 Veltl\u00ednskeho zelen\u00e9ho), ostatn\u00e9 na \u0165a\u017ee\u0148. Za\u0165a\u017eenie kore\u0148ov vol\u00edme n\u00edzke, pod\u013ea odrody a\u00a0vin\u00e1rskych cie\u013eov zber\u00e1me 0,5-1,5 kg\/kore\u0148. Ochrana rastl\u00edn je na 100%\u00a0 organick\u00e1. Znamen\u00e1 to, \u017ee aplikujeme v\u00fdhradne v\u00fdrobky povolen\u00e9 v\u00a0biohospod\u00e1rstve, ale e\u0161te aj z\u00a0nich sa pok\u00fa\u0161ame minimalizova\u0165 pr\u00edpravky s\u00a0obsahom s\u00edry a\u00a0medi. V\u00a0mu\u017elianskej vinici je v\u00a0tomto ve\u013emi n\u00e1pomocn\u00e1 meteorologick\u00e1 stanica (v\u010faka projektu \u201eSmartVineyards\u201c), s\u00a0ktorou m\u00f4\u017eeme presne ur\u010di\u0165, kedy a \u010d\u00edm je potrebn\u00e9 postrekova\u0165.<\/p>\n<p>Ke\u010f\u017ee ve\u013ek\u00e1 \u010das\u0165 na\u0161ich vinohradov nie je e\u0161te vlastn\u00e1 v\u00fdsadba, mo\u017eno tu n\u00e1js\u0165 pomerne ve\u013ea vini\u010dov\u00fdch odr\u00f4d: Veltl\u00ednske zelen\u00e9, Rizling vla\u0161sk\u00fd, Bratislavsk\u00e1 le\u00e1nka, Peseck\u00e1 le\u00e1nka, Rizling r\u00fdnsky, Pinot Blanc, Sv\u00e4tovavrineck\u00e9, Frankovka modr\u00e1, Dornfelder, Nero, Bianka, Dev\u00edn, Otello. Preto je ve\u013emi obtia\u017ene zorganizova\u0165 obera\u010dku, ka\u017edoro\u010dne to b\u00fdva aj 10-15 pr\u00edle\u017eitost\u00ed. Na opl\u00e1tku ale z\u00edskavame mo\u017enos\u0165 pozorova\u0165, ako sa tieto odrody spr\u00e1vaj\u00fa ako hrozno a\u00a0ako vo forme v\u00edna. Materi\u00e1l k\u00a0niektor\u00fdm v\u00ednam na doplnenie \u00farody alebo pre roz\u0161\u00edrenie sortimentu nakupujeme od spo\u013eahliv\u00fdch miestnych pestovate\u013eov. Patr\u00ed sem napr\u00edklad Pinot Noir a\u00a0Chardonnay, pr\u00edpadne Frankovka modr\u00e1 a\u00a0Rizling r\u00fdnsky.<\/p>\n<p><strong><u>Na\u0161e vlastn\u00e9 \u00fazemia:<\/u><\/strong><\/p>\n<ul>\n<li><strong><em>Mu\u017ela, hon \u201eErd\u0151nt\u00fali \u00d6reghegy\u201c (z\u00e1lesie Star\u00e9ho vrchu)<\/em><\/strong>, \u010di\u017ee spodn\u00e1 \u010das\u0165 Ve\u013ek\u00e9ho vrchu je juhoz\u00e1padne orientovan\u00e1, so spra\u0161ovou p\u00f4dou. V\u00a0dolnej \u010dasti 300 metrov\u00fdch radov sa v\u00a0Rizlingu vla\u0161skom skoro ka\u017ed\u00fd rok objavia cib\u00e9by. Tieto sa v\u00a0z\u00e1vislosti na ro\u010dn\u00edku st\u00e1vaj\u00fa z\u00e1kladom pre v\u00edna \u0150sz h\u00farja (Struna jesene) alebo Karcsa. V\u00a0hornej \u010dasti v\u010faka st\u00e1lym vetrom a\u00a0ve\u013ek\u00e9mu mno\u017estvu slnka vieme dopestova\u0165 zdrav\u00e9 Veltl\u00ednske zelen\u00e9, Le\u00e1nku a\u00a0Sv\u00e4tovavrineck\u00e9.<\/li>\n<li><strong><em>Mu\u017ela, hon \u201eNagyhegy\u201c (Ve\u013ek\u00fd vrch) <\/em><\/strong>\u2013 n\u00e1\u0161 najvy\u0161\u0161ie polo\u017een\u00fd vinohrad sa rozprestiera na juhoz\u00e1padnom svahu, pestujeme tu Rizling r\u00fdnsky a\u00a0\u00fazemie s\u00a0rozlohou 0,5 hekt\u00e1ra tu e\u0161te \u010dak\u00e1 na v\u00fdsadbu.<\/li>\n<li><strong><em>Salka, hon \u201eBaglyas\u201c<\/em><\/strong> \u2013 v\u00fdchodne orientovan\u00fd vinohrad s\u00a0viazanej\u0161ou p\u00f4dou, kde s\u00fa s\u00edce aj homog\u00e9nnej\u0161ie \u00faseky, ale prevl\u00e1da ohromn\u00e1 odrodov\u00e1 diverzita. Z\u00a0hore vymenovan\u00fdch odr\u00f4d tu n\u00e1jdeme v\u0161etky okrem Rizlingu r\u00fdnskeho. Tieto svahy produkuj\u00fa ve\u013emi pekn\u00e9 kyseliny, \u010das\u0165 z\u00a0\u00farody pravdepodobne v\u00a0bud\u00facnosti posl\u00fa\u017ei ako z\u00e1klad pre \u0161umiv\u00e9 v\u00edno.<\/li>\n<\/ul>\n<p>V\u00a0bud\u00facnosti pl\u00e1nujeme v\u00fdsadbu v\u00a0Kamenici nad Hronom v\u00a0bl\u00edzkosti pivnice a\u00a0 chceme tie\u017e roz\u0161irova\u0165 doteraj\u0161ie vinice. Postupne, aj ke\u010f po mal\u00fdch kr\u00f4\u010dikoch, sa na\u0161e \u00fazemia rozrastaj\u00fa, radi by sme dosiahli cie\u013eov\u00fa rozlohu 5-10 hekt\u00e1rov.<\/p>\n<p>&nbsp;<\/p>\n<p>[\/et_pb_text][\/et_pb_column][\/et_pb_row][et_pb_row _builder_version=&#8220;3.25&#8243; background_size=&#8220;initial&#8220; background_position=&#8220;top_left&#8220; background_repeat=&#8220;repeat&#8220; global_colors_info=&#8220;{}&#8220;][et_pb_column type=&#8220;4_4&#8243; _builder_version=&#8220;3.25&#8243; custom_padding=&#8220;|||&#8220; global_colors_info=&#8220;{}&#8220; custom_padding__hover=&#8220;|||&#8220;][et_pb_gallery gallery_ids=&#8220;229,230,231,232,233,234,235,236,237,238,239&#8243; posts_number=&#8220;20&#8243; show_pagination=&#8220;off&#8220; _builder_version=&#8220;3.22.7&#8243; z_index_tablet=&#8220;500&#8243; global_colors_info=&#8220;{}&#8220;][\/et_pb_gallery][\/et_pb_column][\/et_pb_row][\/et_pb_section]<\/p>\n","protected":false},"excerpt":{"rendered":"<p>Vinice &nbsp; Pivnica Ge\u00f6ncze\u00f6l v\u00a0s\u00fa\u010dasnosti hospod\u00e1ri na \u00fazem\u00ed s\u00a0rozlohou 2,5 hekt\u00e1ra. V\u00e4\u010d\u0161ina z\u00a0toho s\u00fa star\u00e9 40-60-ro\u010dn\u00e9 vinohrady. Men\u0161ia \u010das\u0165 s\u00fa 10-20-ro\u010dn\u00e9 korene resp. nov\u00e1 v\u00fdsadba. Asi 1 hekt\u00e1r \u010dak\u00e1 na v\u00fdsadbu, pl\u00e1nujeme sem tradi\u010dn\u00e9 odrody. Korene s\u00fa na stredne vysokom veden\u00ed, \u010das\u0165 z\u00a0nich strih\u00e1me na dve o\u010dk\u00e1 na \u010dap\u00edku (Rizling vla\u0161sk\u00fd, Sv\u00e4tovavrineck\u00e9 a\u00a0\u010das\u0165 Veltl\u00ednskeho zelen\u00e9ho), [&hellip;]<\/p>\n","protected":false},"author":1,"featured_media":0,"parent":0,"menu_order":0,"comment_status":"closed","ping_status":"closed","template":"","meta":{"_et_pb_use_builder":"on","_et_pb_old_content":"","_et_gb_content_width":"","footnotes":""},"class_list":["post-37","page","type-page","status-publish","hentry"],"_links":{"self":[{"href":"https:\/\/granium.sk\/sk\/wp-json\/wp\/v2\/pages\/37","targetHints":{"allow":["GET"]}}],"collection":[{"href":"https:\/\/granium.sk\/sk\/wp-json\/wp\/v2\/pages"}],"about":[{"href":"https:\/\/granium.sk\/sk\/wp-json\/wp\/v2\/types\/page"}],"author":[{"embeddable":true,"href":"https:\/\/granium.sk\/sk\/wp-json\/wp\/v2\/users\/1"}],"replies":[{"embeddable":true,"href":"https:\/\/granium.sk\/sk\/wp-json\/wp\/v2\/comments?post=37"}],"version-history":[{"count":7,"href":"https:\/\/granium.sk\/sk\/wp-json\/wp\/v2\/pages\/37\/revisions"}],"predecessor-version":[{"id":464,"href":"https:\/\/granium.sk\/sk\/wp-json\/wp\/v2\/pages\/37\/revisions\/464"}],"wp:attachment":[{"href":"https:\/\/granium.sk\/sk\/wp-json\/wp\/v2\/media?parent=37"}],"curies":[{"name":"wp","href":"https:\/\/api.w.org\/{rel}","templated":true}]}}