{"id":43,"date":"2018-11-26T15:45:32","date_gmt":"2018-11-26T15:45:32","guid":{"rendered":"http:\/\/granium.sk\/sk\/?page_id=43"},"modified":"2025-02-17T08:56:54","modified_gmt":"2025-02-17T08:56:54","slug":"vinnyturizmus","status":"publish","type":"page","link":"https:\/\/granium.sk\/sk\/vinnyturizmus\/","title":{"rendered":"V\u00ednny turizmus"},"content":{"rendered":"<p>[et_pb_section fb_built=&#8220;1&#8243; _builder_version=&#8220;4.16&#8243; global_colors_info=&#8220;{}&#8220;][et_pb_row _builder_version=&#8220;4.16&#8243; background_size=&#8220;initial&#8220; background_position=&#8220;top_left&#8220; background_repeat=&#8220;repeat&#8220; global_colors_info=&#8220;{}&#8220;][et_pb_column type=&#8220;4_4&#8243; _builder_version=&#8220;4.16&#8243; custom_padding=&#8220;|||&#8220; global_colors_info=&#8220;{}&#8220; custom_padding__hover=&#8220;|||&#8220;][et_pb_text _builder_version=&#8220;4.27.4&#8243; hover_enabled=&#8220;0&#8243; z_index_tablet=&#8220;500&#8243; global_colors_info=&#8220;{}&#8220; sticky_enabled=&#8220;0&#8243;]<\/p>\n<h1 style=\"text-align: center;\"><strong>V\u00ednny turizmus<\/strong><\/h1>\n<p>&nbsp;<\/p>\n<p>V tradi\u010dnom v\u00ednnom dom\u010deku, ktor\u00fd bol postaven\u00fd v\u00a0roku 1883, celoro\u010dne o\u010dak\u00e1vame priate\u013eov v\u00edna. Okrem na\u0161ich v\u00edn pon\u00fakame dom\u00e1ce pag\u00e1\u010diky, miestne syry, sal\u00e1mu, \u0161unku a\u00a0in\u00e9 dobroty \u00a0z\u00a0ne\u010falekej organickej farmy. Po\u010das zimn\u00fdch mesiacov dok\u00e1\u017eeme na degust\u00e1ciu prija\u0165 24-\u010dlenn\u00e9 skupiny, v\u00a0lete m\u00f4\u017eeme na vonkaj\u0161\u00edch priestranstv\u00e1ch pohosti\u0165 aj v\u00e4\u010d\u0161\u00ed po\u010det z\u00e1ujemcov. Minim\u00e1lny po\u010det n\u00e1v\u0161tevn\u00edkov nie je ohrani\u010den\u00fd, ale je potrebn\u00e9 sa vopred zahl\u00e1si\u0165.<\/p>\n<p>Ved\u013ea na\u0161ej pivnice sa za\u010d\u00edna turistick\u00fd chodn\u00edk do Kov\u00e1\u010dovsk\u00fdch kopcov, kde m\u00f4\u017eu turisti obdivova\u0165 kr\u00e1sy n\u00e1rodnej pr\u00edrodnej rezerv\u00e1cie Burdov a\u00a0\u00fachvatn\u00e9 v\u00fdh\u013eady na krajinu troch riek \u2013 Dunaj, Hron a\u00a0Ipe\u013e.<\/p>\n<p>Odpor\u00fa\u010dan\u00e9 ochutn\u00e1vkov\u00e9 bal\u00edky:<\/p>\n<p>V\u00edna Pohronia \u2013 5 typick\u00fdch miestnych v\u00edn, pag\u00e1\u010de<\/p>\n<p>Portf\u00f3lio pivnice \u2013 10 v\u00edn, studen\u00e1 misa z\u00a0miestnych \u0161pecial\u00edt<\/p>\n<p>Na\u0161e v\u00ednne \u0161peciality \u2013 7-8 druhov \u0161peci\u00e1lnych ro\u010dn\u00edkov\u00fdch v\u00edn, slan\u00e9 ob\u010derstvenie<\/p>\n<p>Cena ochutn\u00e1vky je pod\u013ea zaraden\u00fdch v\u00edn, ob\u010derstvenia a\u00a0po\u010dtu z\u00fa\u010dastnen\u00fdch 15-25 \u20ac.<\/p>\n<p>Ochutn\u00e1vky vieme sprev\u00e1dza\u0165 najm\u00e4 v\u00a0slovenskom, ma\u010farskom a\u00a0v\u00a0anglickom jazyku.<\/p>\n<p>&nbsp;<\/p>\n<p>[\/et_pb_text][et_pb_gallery gallery_ids=&#8220;222,268,271,272&#8243; show_title_and_caption=&#8220;off&#8220; _builder_version=&#8220;4.16&#8243; z_index_tablet=&#8220;500&#8243; global_colors_info=&#8220;{}&#8220;][\/et_pb_gallery][\/et_pb_column][\/et_pb_row][\/et_pb_section]<\/p>\n","protected":false},"excerpt":{"rendered":"<p>V\u00ednny turizmus &nbsp; V tradi\u010dnom v\u00ednnom dom\u010deku, ktor\u00fd bol postaven\u00fd v\u00a0roku 1883, celoro\u010dne o\u010dak\u00e1vame priate\u013eov v\u00edna. Okrem na\u0161ich v\u00edn pon\u00fakame dom\u00e1ce pag\u00e1\u010diky, miestne syry, sal\u00e1mu, \u0161unku a\u00a0in\u00e9 dobroty \u00a0z\u00a0ne\u010falekej organickej farmy. Po\u010das zimn\u00fdch mesiacov dok\u00e1\u017eeme na degust\u00e1ciu prija\u0165 24-\u010dlenn\u00e9 skupiny, v\u00a0lete m\u00f4\u017eeme na vonkaj\u0161\u00edch priestranstv\u00e1ch pohosti\u0165 aj v\u00e4\u010d\u0161\u00ed po\u010det z\u00e1ujemcov. Minim\u00e1lny po\u010det n\u00e1v\u0161tevn\u00edkov nie je [&hellip;]<\/p>\n","protected":false},"author":1,"featured_media":0,"parent":0,"menu_order":0,"comment_status":"closed","ping_status":"closed","template":"","meta":{"_et_pb_use_builder":"on","_et_pb_old_content":"","_et_gb_content_width":"","footnotes":""},"class_list":["post-43","page","type-page","status-publish","hentry"],"_links":{"self":[{"href":"https:\/\/granium.sk\/sk\/wp-json\/wp\/v2\/pages\/43","targetHints":{"allow":["GET"]}}],"collection":[{"href":"https:\/\/granium.sk\/sk\/wp-json\/wp\/v2\/pages"}],"about":[{"href":"https:\/\/granium.sk\/sk\/wp-json\/wp\/v2\/types\/page"}],"author":[{"embeddable":true,"href":"https:\/\/granium.sk\/sk\/wp-json\/wp\/v2\/users\/1"}],"replies":[{"embeddable":true,"href":"https:\/\/granium.sk\/sk\/wp-json\/wp\/v2\/comments?post=43"}],"version-history":[{"count":8,"href":"https:\/\/granium.sk\/sk\/wp-json\/wp\/v2\/pages\/43\/revisions"}],"predecessor-version":[{"id":506,"href":"https:\/\/granium.sk\/sk\/wp-json\/wp\/v2\/pages\/43\/revisions\/506"}],"wp:attachment":[{"href":"https:\/\/granium.sk\/sk\/wp-json\/wp\/v2\/media?parent=43"}],"curies":[{"name":"wp","href":"https:\/\/api.w.org\/{rel}","templated":true}]}}