{"id":290,"date":"2019-05-17T09:01:07","date_gmt":"2019-05-17T09:01:07","guid":{"rendered":"http:\/\/granium.sk\/sk\/?post_type=product&#038;p=290"},"modified":"2024-09-16T16:03:12","modified_gmt":"2024-09-16T16:03:12","slug":"veltelini-2021unf","status":"publish","type":"product","link":"https:\/\/granium.sk\/sk\/termek\/veltelini-2021unf\/","title":{"rendered":"Veltelini 2021 unfiltered"},"content":{"rendered":"","protected":false},"excerpt":{"rendered":"<p>Such\u00e9 biele v\u00edno nefiltrovan\u00e9<br \/>\nOdroda: Veltl\u00ednske zelen\u00e9 100%<br \/>\n<strong>Vinohrad:<\/strong> Mu\u017ela, hon Ve\u013ek\u00fd vrch a Salka, hon Baglyas<\/p>\n<p>Nefiltrovan\u00e9, ne\u010d\u00edren\u00e9 Veltl\u00ednske zelen\u00e9 s n\u00edzkym obsahom s\u00edry, s mohutn\u00fdm telom, zvl\u00e1\u0161tnou bylinno-korenistou ar\u00f3mou, dlhou, charakteristickou chu\u0165ou.<\/p>\n<p>Po\u010det flia\u0161: 650<br \/>\nObjem f\u013ea\u0161e: 0,75 litra<br \/>\nObsah alkoholu: 14,2 %<br \/>\nObsah zvy\u0161kov\u00e9ho cukru: 0,3 g\/l<br \/>\nCelkov\u00fd obsah kysel\u00edn: 5,50 g\/l<br \/>\nCelkov\u00e1 s\u00edra: 25 mg\/l<\/p>\n<p><strong>Charakter v\u00edna:\u00a0<\/strong><span lang=\"SK\">V\u00edno zlato\u017eltej farby, nefiltrovan\u00e9, s mo\u017en\u00fdmi opalescenciami a jemn\u00fdmi usadeninami. V komplexnej v\u00f4ni sa objavuj\u00fa aj t\u00f3ny bieleho korenia, byliniek, pomaran\u010dovej k\u00f4ry a bielej \u010dokol\u00e1dy. Pln\u00e9, ohniv\u00e9 Veltl\u00ednske zelen\u00e9, so \u017eiv\u00fdmi kyselinami, dlho pretrv\u00e1vaj\u00facou chu\u0165ou po grapefruite, mandliach a koren\u00ed.<\/span><\/p>\n<p><strong>Technol\u00f3gia: <\/strong>Hrozno sme oberali v Mu\u017ele aj v Salke s vysokou cukornatos\u0165ou. Po nieko\u013ek\u00fdch hodin\u00e1ch macer\u00e1cie sa mu\u0161t vylisoval. Po kvasen\u00ed zrelo 10 mesiacov v n\u00e1dr\u017eiach na jemn\u00fdch kaloch bez pridania s\u00edry.<\/p>\n<p><strong>Gastron\u00f3mia: <\/strong>Mo\u017eno ho odpor\u00fa\u010da\u0165 k pe\u010den\u00e9mu m\u00e4su: brav\u010dov\u00e9mu, divine, jah\u0148acine, ale z\u00e1\u017eitok m\u00f4\u017eu dotv\u00e1ra\u0165 aj zrel\u00e9 syry, olejnat\u00e9 semen\u00e1, orechy. Je to sk\u00f4r jesenno-zimn\u00e9 ve\u010dern\u00e9 biele v\u00edno.<\/p>\n<p><strong>Odpor\u00fa\u010dan\u00e1 teplota pod\u00e1vania: <\/strong>12-14 \u1d52C<\/p>\n","protected":false},"featured_media":497,"template":"","meta":{"_et_pb_use_builder":"off","_et_pb_old_content":"","_et_gb_content_width":""},"product_brand":[],"product_cat":[19],"product_tag":[],"class_list":{"0":"post-290","1":"product","2":"type-product","3":"status-publish","4":"has-post-thumbnail","6":"product_cat-egyeb","8":"first","9":"instock","10":"shipping-taxable","11":"purchasable","12":"product-type-simple"},"_links":{"self":[{"href":"https:\/\/granium.sk\/sk\/wp-json\/wp\/v2\/product\/290","targetHints":{"allow":["GET"]}}],"collection":[{"href":"https:\/\/granium.sk\/sk\/wp-json\/wp\/v2\/product"}],"about":[{"href":"https:\/\/granium.sk\/sk\/wp-json\/wp\/v2\/types\/product"}],"wp:featuredmedia":[{"embeddable":true,"href":"https:\/\/granium.sk\/sk\/wp-json\/wp\/v2\/media\/497"}],"wp:attachment":[{"href":"https:\/\/granium.sk\/sk\/wp-json\/wp\/v2\/media?parent=290"}],"wp:term":[{"taxonomy":"product_brand","embeddable":true,"href":"https:\/\/granium.sk\/sk\/wp-json\/wp\/v2\/product_brand?post=290"},{"taxonomy":"product_cat","embeddable":true,"href":"https:\/\/granium.sk\/sk\/wp-json\/wp\/v2\/product_cat?post=290"},{"taxonomy":"product_tag","embeddable":true,"href":"https:\/\/granium.sk\/sk\/wp-json\/wp\/v2\/product_tag?post=290"}],"curies":[{"name":"wp","href":"https:\/\/api.w.org\/{rel}","templated":true}]}}