{"id":329,"date":"2019-05-17T09:07:52","date_gmt":"2019-05-17T09:07:52","guid":{"rendered":"http:\/\/granium.sk\/sk\/?post_type=product&#038;p=329"},"modified":"2023-07-20T09:38:19","modified_gmt":"2023-07-20T09:38:19","slug":"chardonnay_2016","status":"publish","type":"product","link":"https:\/\/granium.sk\/sk\/termek\/chardonnay_2016\/","title":{"rendered":"Chardonnay battonage 2016"},"content":{"rendered":"","protected":false},"excerpt":{"rendered":"<p>Such\u00e9 biele v\u00edno<br \/>\nOdroda: Chardonnay 100%<br \/>\n<strong>Vinohrad:<\/strong> Bel\u00e1, hon \u201eR\u00e9zhegy\u201c (Me\u010fov\u00fd vrch)<\/p>\n<p>Po\u010det flia\u0161: 300<br \/>\nObjem f\u013ea\u0161e: 0,75 litra<br \/>\nObsah alkoholu: 13,91 %<br \/>\nZvy\u0161kov\u00fd cukor: 2,9 g\/liter<br \/>\nCelkov\u00fd obsah kysel\u00edn: 6,33 g\/liter<br \/>\nOxid siri\u010dit\u00fd celkov\u00fd: 72 mg\/liter<\/p>\n<p><strong>Charakter v\u00edna: <\/strong>V\u00edno svetlo\u017eltej farby. V\u010faka dlh\u00e9mu dozrievaniu na jemn\u00fdch kaloch a\u00a0v\u00a0dreven\u00fdch sudoch c\u00edtime medzi prv\u00fdmi maslov\u00e9, vanilkov\u00e9 a\u00a0lieskovcov\u00e9 ar\u00f3my. N\u00e1jdeme v\u00a0\u0148om aj ar\u00f3my zelen\u00e9ho korenia a\u00a0grapefruitovo-citrusov\u00e9 v\u00f4ne. Po otvoren\u00ed sa objav\u00ed trocha oxidu uhli\u010dit\u00e9ho \u201ezaseknut\u00e9ho\u201c do f\u013ea\u0161e pri f\u013ea\u0161kovan\u00ed, ktor\u00fd sa ale r\u00fdchlo str\u00e1ca. V\u00a0chuti poc\u00edtime horkos\u0165 toniku a\u00a0pomaran\u010dovej k\u00f4ry, bylinkovo-z\u00e1zvorov\u00fa pr\u00edchu\u0165 a\u00a0svie\u017ee kyseliny. Nie je to v\u00edno na v\u0161edn\u00e9 dni, ur\u010dite vyvol\u00e1 v\u00a0ka\u017edom in\u00e9 pocity \u2026<\/p>\n<p><strong>Technol\u00f3gia:\u00a0<\/strong><span lang=\"SK\">Po odstopkovan\u00ed 24 hod\u00edn st\u00e1lo, potom spont\u00e1nne kvasilo v\u00a0trojro\u010dnom dubovom sude. Potom pri\u0161lo na rad viac ne\u017e 2-ro\u010dn\u00e9 dozrievanie na jemn\u00fdch kaloch v\u00a0dreven\u00fdch sudoch. F\u013ea\u0161kovali sme ho v\u00a0r. 2018, odvtedy oddychuje v\u00a0pivnici v\u00a0Kamenici nad Hronom pri 12 \u00b0C&#8230; <\/span><\/p>\n<p><strong>Gastron\u00f3mia: <\/strong>Najviac sa hod\u00ed ku korenistej \u00e1zijskej kuchyni, pristan\u00fa mu exotick\u00e9 (sladko-kyslo-hork\u00e9) chute, ale vynikaj\u00facou vo\u013ebou je aj\u00a0 k\u00a0morsk\u00fdm plodom a\u00a0cesnakov\u00fdm om\u00e1\u010dkam. Zo syrov odpor\u00fa\u010dame v\u00a0prvom rade zrel\u00e9 typy syrov.<\/p>\n<p><strong>Odpor\u00fa\u010dan\u00e1 teplota pod\u00e1vania:<\/strong> 11-13\u1d52C<\/p>\n","protected":false},"featured_media":436,"template":"","meta":{"_et_pb_use_builder":"off","_et_pb_old_content":"","_et_gb_content_width":""},"product_brand":[],"product_cat":[19],"product_tag":[],"class_list":{"0":"post-329","1":"product","2":"type-product","3":"status-publish","4":"has-post-thumbnail","6":"product_cat-egyeb","8":"first","9":"instock","10":"shipping-taxable","11":"purchasable","12":"product-type-simple"},"_links":{"self":[{"href":"https:\/\/granium.sk\/sk\/wp-json\/wp\/v2\/product\/329","targetHints":{"allow":["GET"]}}],"collection":[{"href":"https:\/\/granium.sk\/sk\/wp-json\/wp\/v2\/product"}],"about":[{"href":"https:\/\/granium.sk\/sk\/wp-json\/wp\/v2\/types\/product"}],"wp:featuredmedia":[{"embeddable":true,"href":"https:\/\/granium.sk\/sk\/wp-json\/wp\/v2\/media\/436"}],"wp:attachment":[{"href":"https:\/\/granium.sk\/sk\/wp-json\/wp\/v2\/media?parent=329"}],"wp:term":[{"taxonomy":"product_brand","embeddable":true,"href":"https:\/\/granium.sk\/sk\/wp-json\/wp\/v2\/product_brand?post=329"},{"taxonomy":"product_cat","embeddable":true,"href":"https:\/\/granium.sk\/sk\/wp-json\/wp\/v2\/product_cat?post=329"},{"taxonomy":"product_tag","embeddable":true,"href":"https:\/\/granium.sk\/sk\/wp-json\/wp\/v2\/product_tag?post=329"}],"curies":[{"name":"wp","href":"https:\/\/api.w.org\/{rel}","templated":true}]}}