{"id":406,"date":"2019-11-03T14:04:13","date_gmt":"2019-11-03T14:04:13","guid":{"rendered":"http:\/\/granium.sk\/sk\/?post_type=product&#038;p=406"},"modified":"2024-09-16T16:12:30","modified_gmt":"2024-09-16T16:12:30","slug":"sisik-2020","status":"publish","type":"product","link":"https:\/\/granium.sk\/sk\/termek\/sisik-2020\/","title":{"rendered":"Sis\u00edk 2020"},"content":{"rendered":"","protected":false},"excerpt":{"rendered":"<p>Such\u00e9 biele v\u00edno<br \/>\n<strong>Odroda:<\/strong> Rizling r\u00fdnsky 40%, Veltl\u00ednske zelen\u00e9 60%<br \/>\n<strong>Vinohrad:<\/strong> Mu\u017ela, hon \u201eNagyhegy\u201c (Ve\u013ek\u00fd vrch)<\/p>\n<p>\u0160pecialita zrej\u00faca pod kvasnicami v dreven\u00fdch sudoch. N\u00e1zov v\u00edna odkazuje na mamu Sis\u00edk, ktor\u00e1 bola praprababi\u010dkou vin\u00e1ra, a bola aj lie\u010dite\u013ekou.<\/p>\n<p>Po\u010det flia\u0161: 900<br \/>\nObjem f\u013ea\u0161e: 0,75 litra<br \/>\nObsah alkoholu: 13,3 %<br \/>\nZvy\u0161kov\u00fd cukor: 0,9 g\/liter<br \/>\nCelkov\u00fd obsah kysel\u00edn: 5,0 g\/liter<br \/>\nOxid siri\u010dit\u00fd celkov\u00fd: 79 mg\/liter<\/p>\n<p><strong>Gastron\u00f3mia: <\/strong>Odpor\u00fa\u010dame k\u00a0pe\u010den\u00e9mu brav\u010dov\u00e9mu ale aj pe\u010denej hydine, \u0165a\u017e\u0161\u00edm jedl\u00e1m z\u00a0r\u00fdb, k\u00a0\u00faden\u00fdm ryb\u00e1m.<\/p>\n<p><strong>Odpor\u00fa\u010dan\u00e1 teplota pod\u00e1vania<\/strong>: 11-13 \u1d52C<\/p>\n","protected":false},"featured_media":499,"template":"","meta":{"_et_pb_use_builder":"off","_et_pb_old_content":"","_et_gb_content_width":""},"product_brand":[],"product_cat":[19],"product_tag":[],"class_list":{"0":"post-406","1":"product","2":"type-product","3":"status-publish","4":"has-post-thumbnail","6":"product_cat-egyeb","8":"first","9":"instock","10":"shipping-taxable","11":"purchasable","12":"product-type-simple"},"_links":{"self":[{"href":"https:\/\/granium.sk\/sk\/wp-json\/wp\/v2\/product\/406","targetHints":{"allow":["GET"]}}],"collection":[{"href":"https:\/\/granium.sk\/sk\/wp-json\/wp\/v2\/product"}],"about":[{"href":"https:\/\/granium.sk\/sk\/wp-json\/wp\/v2\/types\/product"}],"wp:featuredmedia":[{"embeddable":true,"href":"https:\/\/granium.sk\/sk\/wp-json\/wp\/v2\/media\/499"}],"wp:attachment":[{"href":"https:\/\/granium.sk\/sk\/wp-json\/wp\/v2\/media?parent=406"}],"wp:term":[{"taxonomy":"product_brand","embeddable":true,"href":"https:\/\/granium.sk\/sk\/wp-json\/wp\/v2\/product_brand?post=406"},{"taxonomy":"product_cat","embeddable":true,"href":"https:\/\/granium.sk\/sk\/wp-json\/wp\/v2\/product_cat?post=406"},{"taxonomy":"product_tag","embeddable":true,"href":"https:\/\/granium.sk\/sk\/wp-json\/wp\/v2\/product_tag?post=406"}],"curies":[{"name":"wp","href":"https:\/\/api.w.org\/{rel}","templated":true}]}}